{"id":12369,"date":"2024-06-07T16:55:28","date_gmt":"2024-06-07T21:55:28","guid":{"rendered":"https:\/\/elianareyesasociados.com\/?page_id=12369"},"modified":"2024-06-28T16:32:03","modified_gmt":"2024-06-28T21:32:03","slug":"derechos-de-autor","status":"publish","type":"page","link":"https:\/\/elianareyesasociados.com\/en\/derechos-de-autor\/","title":{"rendered":"Copyright"},"content":{"rendered":"<div data-elementor-type=\"wp-page\" data-elementor-id=\"12369\" class=\"elementor elementor-12369\">\n\t\t\t\t<div class=\"elementor-element elementor-element-e825a11 e-con-full elementor-hidden-desktop e-flex parallax_section_no qode_elementor_container_no e-con e-parent\" data-id=\"e825a11\" data-element_type=\"container\" data-settings=\"{&quot;background_background&quot;:&quot;classic&quot;}\">\n\t\t\t\t<div class=\"elementor-element elementor-element-b1dbeb5 elementor-widget elementor-widget-spacer\" data-id=\"b1dbeb5\" data-element_type=\"widget\" data-widget_type=\"spacer.default\">\n\t\t\t\t<div class=\"elementor-widget-container\">\n\t\t\t<style>\/*! elementor - v3.23.0 - 25-07-2024 *\/\n.elementor-column .elementor-spacer-inner{height:var(--spacer-size)}.e-con{--container-widget-width:100%}.e-con-inner>.elementor-widget-spacer,.e-con>.elementor-widget-spacer{width:var(--container-widget-width,var(--spacer-size));--align-self:var(--container-widget-align-self,initial);--flex-shrink:0}.e-con-inner>.elementor-widget-spacer>.elementor-widget-container,.e-con>.elementor-widget-spacer>.elementor-widget-container{height:100%;width:100%}.e-con-inner>.elementor-widget-spacer>.elementor-widget-container>.elementor-spacer,.e-con>.elementor-widget-spacer>.elementor-widget-container>.elementor-spacer{height:100%}.e-con-inner>.elementor-widget-spacer>.elementor-widget-container>.elementor-spacer>.elementor-spacer-inner,.e-con>.elementor-widget-spacer>.elementor-widget-container>.elementor-spacer>.elementor-spacer-inner{height:var(--container-widget-height,var(--spacer-size))}.e-con-inner>.elementor-widget-spacer.elementor-widget-empty,.e-con>.elementor-widget-spacer.elementor-widget-empty{position:relative;min-height:22px;min-width:22px}.e-con-inner>.elementor-widget-spacer.elementor-widget-empty .elementor-widget-empty-icon,.e-con>.elementor-widget-spacer.elementor-widget-empty .elementor-widget-empty-icon{position:absolute;top:0;bottom:0;left:0;right:0;margin:auto;padding:0;width:22px;height:22px}<\/style>\t\t<div class=\"elementor-spacer\">\n\t\t\t<div class=\"elementor-spacer-inner\"><\/div>\n\t\t<\/div>\n\t\t\t\t<\/div>\n\t\t\t\t<\/div>\n\t\t\t\t<\/div>\n\t\t<div class=\"elementor-element elementor-element-35cb893 e-flex e-con-boxed parallax_section_no qode_elementor_container_no e-con e-parent\" data-id=\"35cb893\" data-element_type=\"container\" data-settings=\"{&quot;background_background&quot;:&quot;classic&quot;}\">\n\t\t\t\t\t<div class=\"e-con-inner\">\n\t\t<div class=\"elementor-element elementor-element-a24e0bc e-con-full e-flex parallax_section_no qode_elementor_container_no e-con e-child\" data-id=\"a24e0bc\" data-element_type=\"container\" data-settings=\"{&quot;background_background&quot;:&quot;gradient&quot;}\">\n\t\t\t\t<div class=\"elementor-element elementor-element-294765b elementor-widget elementor-widget-text-editor\" data-id=\"294765b\" data-element_type=\"widget\" data-widget_type=\"text-editor.default\">\n\t\t\t\t<div class=\"elementor-widget-container\">\n\t\t\t<style>\/*! elementor - v3.23.0 - 25-07-2024 *\/\n.elementor-widget-text-editor.elementor-drop-cap-view-stacked .elementor-drop-cap{background-color:#69727d;color:#fff}.elementor-widget-text-editor.elementor-drop-cap-view-framed .elementor-drop-cap{color:#69727d;border:3px solid;background-color:transparent}.elementor-widget-text-editor:not(.elementor-drop-cap-view-default) .elementor-drop-cap{margin-top:8px}.elementor-widget-text-editor:not(.elementor-drop-cap-view-default) .elementor-drop-cap-letter{width:1em;height:1em}.elementor-widget-text-editor .elementor-drop-cap{float:left;text-align:center;line-height:1;font-size:50px}.elementor-widget-text-editor .elementor-drop-cap-letter{display:inline-block}<\/style>\t\t\t\t<h6><span style=\"color: #ffffff;\">Services<\/span><\/h6>\t\t\t\t\t\t<\/div>\n\t\t\t\t<\/div>\n\t\t\t\t<div class=\"elementor-element elementor-element-e3d8273 elementor-widget elementor-widget-heading\" data-id=\"e3d8273\" data-element_type=\"widget\" data-widget_type=\"heading.default\">\n\t\t\t\t<div class=\"elementor-widget-container\">\n\t\t\t<style>\/*! elementor - v3.23.0 - 25-07-2024 *\/\n.elementor-heading-title{padding:0;margin:0;line-height:1}.elementor-widget-heading .elementor-heading-title[class*=elementor-size-]>a{color:inherit;font-size:inherit;line-height:inherit}.elementor-widget-heading .elementor-heading-title.elementor-size-small{font-size:15px}.elementor-widget-heading .elementor-heading-title.elementor-size-medium{font-size:19px}.elementor-widget-heading .elementor-heading-title.elementor-size-large{font-size:29px}.elementor-widget-heading .elementor-heading-title.elementor-size-xl{font-size:39px}.elementor-widget-heading .elementor-heading-title.elementor-size-xxl{font-size:59px}<\/style><h1 class=\"elementor-heading-title elementor-size-default\">Copyright<\/h1>\t\t<\/div>\n\t\t\t\t<\/div>\n\t\t\t\t<div class=\"elementor-element elementor-element-f014bef elementor-widget elementor-widget-spacer\" data-id=\"f014bef\" data-element_type=\"widget\" data-widget_type=\"spacer.default\">\n\t\t\t\t<div class=\"elementor-widget-container\">\n\t\t\t\t\t<div class=\"elementor-spacer\">\n\t\t\t<div class=\"elementor-spacer-inner\"><\/div>\n\t\t<\/div>\n\t\t\t\t<\/div>\n\t\t\t\t<\/div>\n\t\t\t\t<\/div>\n\t\t<div class=\"elementor-element elementor-element-983b74a e-con-full e-flex parallax_section_no qode_elementor_container_no e-con e-child\" data-id=\"983b74a\" data-element_type=\"container\">\n\t\t\t\t<\/div>\n\t\t\t\t\t<\/div>\n\t\t\t\t<\/div>\n\t\t<div class=\"elementor-element elementor-element-336c80b e-con-full e-flex parallax_section_no qode_elementor_container_no e-con e-parent\" data-id=\"336c80b\" data-element_type=\"container\">\n\t\t<div class=\"elementor-element elementor-element-00ec68d e-con-full e-flex parallax_section_no qode_elementor_container_no e-con e-child\" data-id=\"00ec68d\" data-element_type=\"container\">\n\t\t\t\t<\/div>\n\t\t<div class=\"elementor-element elementor-element-7448eaa e-con-full e-flex parallax_section_no qode_elementor_container_no e-con e-child\" data-id=\"7448eaa\" data-element_type=\"container\">\n\t\t\t\t<\/div>\n\t\t\t\t<\/div>\n\t\t<div class=\"elementor-element elementor-element-bc9d0c3 elementor-hidden-desktop elementor-hidden-tablet e-flex e-con-boxed parallax_section_no qode_elementor_container_no e-con e-parent\" data-id=\"bc9d0c3\" data-element_type=\"container\" data-settings=\"{&quot;background_background&quot;:&quot;classic&quot;}\">\n\t\t\t\t\t<div class=\"e-con-inner\">\n\t\t\t\t<div class=\"elementor-element elementor-element-33442c3 elementor-widget elementor-widget-spacer\" data-id=\"33442c3\" data-element_type=\"widget\" data-widget_type=\"spacer.default\">\n\t\t\t\t<div class=\"elementor-widget-container\">\n\t\t\t\t\t<div class=\"elementor-spacer\">\n\t\t\t<div class=\"elementor-spacer-inner\"><\/div>\n\t\t<\/div>\n\t\t\t\t<\/div>\n\t\t\t\t<\/div>\n\t\t\t\t\t<\/div>\n\t\t\t\t<\/div>\n\t\t<div class=\"elementor-element elementor-element-debceb9 e-con-full qode_elementor_container_inner e-flex parallax_section_no e-con e-parent\" data-id=\"debceb9\" data-element_type=\"container\">\n\t\t\t\t<div class=\"elementor-element elementor-element-b818864 elementor-widget elementor-widget-text-editor\" data-id=\"b818864\" data-element_type=\"widget\" data-widget_type=\"text-editor.default\">\n\t\t\t\t<div class=\"elementor-widget-container\">\n\t\t\t\t\t\t\t<h5><span style=\"color: #ea6026;\">Eliana Reyes &amp; Asociados<\/span> advises, protects, and defends copyright derived from literary, artistic, and musical creation of our clients, in Colombia, Spain and Brazil by the management of IP portfolios; license, distribution, reproduction, performance and display contracts drafting; litigation and negotiation.<\/h5>\t\t\t\t\t\t<\/div>\n\t\t\t\t<\/div>\n\t\t\t\t<\/div>\n\t\t<div class=\"elementor-element elementor-element-774371d e-flex e-con-boxed parallax_section_no qode_elementor_container_no e-con e-parent\" data-id=\"774371d\" data-element_type=\"container\">\n\t\t\t\t\t<div class=\"e-con-inner\">\n\t\t\t\t<div class=\"elementor-element elementor-element-2fbc8d9 elementor-widget elementor-widget-image\" data-id=\"2fbc8d9\" data-element_type=\"widget\" data-widget_type=\"image.default\">\n\t\t\t\t<div class=\"elementor-widget-container\">\n\t\t\t<style>\/*! elementor - v3.23.0 - 25-07-2024 *\/\n.elementor-widget-image{text-align:center}.elementor-widget-image a{display:inline-block}.elementor-widget-image a img[src$=\".svg\"]{width:48px}.elementor-widget-image img{vertical-align:middle;display:inline-block}<\/style>\t\t\t\t\t\t\t\t\t\t<img fetchpriority=\"high\" decoding=\"async\" width=\"650\" height=\"117\" src=\"https:\/\/elianareyesasociados.com\/wp-content\/uploads\/2024\/06\/era.svg\" class=\"attachment-portfolio_masonry_wide size-portfolio_masonry_wide wp-image-12685\" alt=\"\" \/>\t\t\t\t\t\t\t\t\t\t\t\t\t<\/div>\n\t\t\t\t<\/div>\n\t\t\t\t\t<\/div>\n\t\t\t\t<\/div>\n\t\t\t\t<\/div>","protected":false},"excerpt":{"rendered":"<p>Servicios Derechos de autor Eliana Reyes &amp; Asociados asesora, protege y defiende los derechos de autor derivados de la creaci\u00f3n literaria, art\u00edstica y musical de nuestros clientes en Colombia, Espa\u00f1a y Brasil mediante la gesti\u00f3n de portafolios de propiedad intelectual, redacci\u00f3n de contratos de licenciamiento,&#8230;<\/p>","protected":false},"author":2,"featured_media":0,"parent":0,"menu_order":0,"comment_status":"closed","ping_status":"closed","template":"qi-blocks-full-width.php","meta":{"footnotes":""},"_links":{"self":[{"href":"https:\/\/elianareyesasociados.com\/en\/wp-json\/wp\/v2\/pages\/12369"}],"collection":[{"href":"https:\/\/elianareyesasociados.com\/en\/wp-json\/wp\/v2\/pages"}],"about":[{"href":"https:\/\/elianareyesasociados.com\/en\/wp-json\/wp\/v2\/types\/page"}],"author":[{"embeddable":true,"href":"https:\/\/elianareyesasociados.com\/en\/wp-json\/wp\/v2\/users\/2"}],"replies":[{"embeddable":true,"href":"https:\/\/elianareyesasociados.com\/en\/wp-json\/wp\/v2\/comments?post=12369"}],"version-history":[{"count":55,"href":"https:\/\/elianareyesasociados.com\/en\/wp-json\/wp\/v2\/pages\/12369\/revisions"}],"predecessor-version":[{"id":13006,"href":"https:\/\/elianareyesasociados.com\/en\/wp-json\/wp\/v2\/pages\/12369\/revisions\/13006"}],"wp:attachment":[{"href":"https:\/\/elianareyesasociados.com\/en\/wp-json\/wp\/v2\/media?parent=12369"}],"curies":[{"name":"wp","href":"https:\/\/api.w.org\/{rel}","templated":true}]}}