{"id":12371,"date":"2024-06-07T17:08:57","date_gmt":"2024-06-07T22:08:57","guid":{"rendered":"https:\/\/elianareyesasociados.com\/?page_id=12371"},"modified":"2024-06-28T16:30:26","modified_gmt":"2024-06-28T21:30:26","slug":"derecho-societario-y-cooperativo","status":"publish","type":"page","link":"https:\/\/elianareyesasociados.com\/en\/derecho-societario-y-cooperativo\/","title":{"rendered":"Corporate and cooperative law"},"content":{"rendered":"<div data-elementor-type=\"wp-page\" data-elementor-id=\"12371\" class=\"elementor elementor-12371\">\n\t\t\t\t<div class=\"elementor-element elementor-element-94c717d e-con-full elementor-hidden-desktop e-flex parallax_section_no qode_elementor_container_no e-con e-parent\" data-id=\"94c717d\" data-element_type=\"container\" data-settings=\"{&quot;background_background&quot;:&quot;classic&quot;}\">\n\t\t\t\t<div class=\"elementor-element elementor-element-1be5ab2 elementor-widget elementor-widget-spacer\" data-id=\"1be5ab2\" data-element_type=\"widget\" data-widget_type=\"spacer.default\">\n\t\t\t\t<div class=\"elementor-widget-container\">\n\t\t\t<style>\/*! elementor - v3.23.0 - 25-07-2024 *\/\n.elementor-column .elementor-spacer-inner{height:var(--spacer-size)}.e-con{--container-widget-width:100%}.e-con-inner>.elementor-widget-spacer,.e-con>.elementor-widget-spacer{width:var(--container-widget-width,var(--spacer-size));--align-self:var(--container-widget-align-self,initial);--flex-shrink:0}.e-con-inner>.elementor-widget-spacer>.elementor-widget-container,.e-con>.elementor-widget-spacer>.elementor-widget-container{height:100%;width:100%}.e-con-inner>.elementor-widget-spacer>.elementor-widget-container>.elementor-spacer,.e-con>.elementor-widget-spacer>.elementor-widget-container>.elementor-spacer{height:100%}.e-con-inner>.elementor-widget-spacer>.elementor-widget-container>.elementor-spacer>.elementor-spacer-inner,.e-con>.elementor-widget-spacer>.elementor-widget-container>.elementor-spacer>.elementor-spacer-inner{height:var(--container-widget-height,var(--spacer-size))}.e-con-inner>.elementor-widget-spacer.elementor-widget-empty,.e-con>.elementor-widget-spacer.elementor-widget-empty{position:relative;min-height:22px;min-width:22px}.e-con-inner>.elementor-widget-spacer.elementor-widget-empty .elementor-widget-empty-icon,.e-con>.elementor-widget-spacer.elementor-widget-empty .elementor-widget-empty-icon{position:absolute;top:0;bottom:0;left:0;right:0;margin:auto;padding:0;width:22px;height:22px}<\/style>\t\t<div class=\"elementor-spacer\">\n\t\t\t<div class=\"elementor-spacer-inner\"><\/div>\n\t\t<\/div>\n\t\t\t\t<\/div>\n\t\t\t\t<\/div>\n\t\t\t\t<\/div>\n\t\t<div class=\"elementor-element elementor-element-a715537 e-flex e-con-boxed parallax_section_no qode_elementor_container_no e-con e-parent\" data-id=\"a715537\" data-element_type=\"container\" data-settings=\"{&quot;background_background&quot;:&quot;classic&quot;}\">\n\t\t\t\t\t<div class=\"e-con-inner\">\n\t\t<div class=\"elementor-element elementor-element-3be8d13 e-con-full e-flex parallax_section_no qode_elementor_container_no e-con e-child\" data-id=\"3be8d13\" data-element_type=\"container\" data-settings=\"{&quot;background_background&quot;:&quot;gradient&quot;}\">\n\t\t\t\t<div class=\"elementor-element elementor-element-5fc4abd elementor-widget elementor-widget-text-editor\" data-id=\"5fc4abd\" data-element_type=\"widget\" data-widget_type=\"text-editor.default\">\n\t\t\t\t<div class=\"elementor-widget-container\">\n\t\t\t<style>\/*! elementor - v3.23.0 - 25-07-2024 *\/\n.elementor-widget-text-editor.elementor-drop-cap-view-stacked .elementor-drop-cap{background-color:#69727d;color:#fff}.elementor-widget-text-editor.elementor-drop-cap-view-framed .elementor-drop-cap{color:#69727d;border:3px solid;background-color:transparent}.elementor-widget-text-editor:not(.elementor-drop-cap-view-default) .elementor-drop-cap{margin-top:8px}.elementor-widget-text-editor:not(.elementor-drop-cap-view-default) .elementor-drop-cap-letter{width:1em;height:1em}.elementor-widget-text-editor .elementor-drop-cap{float:left;text-align:center;line-height:1;font-size:50px}.elementor-widget-text-editor .elementor-drop-cap-letter{display:inline-block}<\/style>\t\t\t\t<h6><span style=\"color: #ffffff;\">Services<\/span><\/h6>\t\t\t\t\t\t<\/div>\n\t\t\t\t<\/div>\n\t\t\t\t<div class=\"elementor-element elementor-element-cd6be96 elementor-widget elementor-widget-heading\" data-id=\"cd6be96\" data-element_type=\"widget\" data-widget_type=\"heading.default\">\n\t\t\t\t<div class=\"elementor-widget-container\">\n\t\t\t<style>\/*! elementor - v3.23.0 - 25-07-2024 *\/\n.elementor-heading-title{padding:0;margin:0;line-height:1}.elementor-widget-heading .elementor-heading-title[class*=elementor-size-]>a{color:inherit;font-size:inherit;line-height:inherit}.elementor-widget-heading .elementor-heading-title.elementor-size-small{font-size:15px}.elementor-widget-heading .elementor-heading-title.elementor-size-medium{font-size:19px}.elementor-widget-heading .elementor-heading-title.elementor-size-large{font-size:29px}.elementor-widget-heading .elementor-heading-title.elementor-size-xl{font-size:39px}.elementor-widget-heading .elementor-heading-title.elementor-size-xxl{font-size:59px}<\/style><h1 class=\"elementor-heading-title elementor-size-default\">Corporate and cooperative law<\/h1>\t\t<\/div>\n\t\t\t\t<\/div>\n\t\t\t\t<\/div>\n\t\t<div class=\"elementor-element elementor-element-58383b6 e-con-full e-flex parallax_section_no qode_elementor_container_no e-con e-child\" data-id=\"58383b6\" data-element_type=\"container\">\n\t\t\t\t<\/div>\n\t\t\t\t\t<\/div>\n\t\t\t\t<\/div>\n\t\t<div class=\"elementor-element elementor-element-fc367cc e-con-full e-flex parallax_section_no qode_elementor_container_no e-con e-parent\" data-id=\"fc367cc\" data-element_type=\"container\">\n\t\t<div class=\"elementor-element elementor-element-f115e00 e-con-full e-flex parallax_section_no qode_elementor_container_no e-con e-child\" data-id=\"f115e00\" data-element_type=\"container\">\n\t\t\t\t<\/div>\n\t\t<div class=\"elementor-element elementor-element-6b6ebb8 e-con-full e-flex parallax_section_no qode_elementor_container_no e-con e-child\" data-id=\"6b6ebb8\" data-element_type=\"container\">\n\t\t\t\t<\/div>\n\t\t\t\t<\/div>\n\t\t<div class=\"elementor-element elementor-element-5c165e0 elementor-hidden-desktop elementor-hidden-tablet e-flex e-con-boxed parallax_section_no qode_elementor_container_no e-con e-parent\" data-id=\"5c165e0\" data-element_type=\"container\" data-settings=\"{&quot;background_background&quot;:&quot;classic&quot;}\">\n\t\t\t\t\t<div class=\"e-con-inner\">\n\t\t\t\t<div class=\"elementor-element elementor-element-03c16bf elementor-widget elementor-widget-spacer\" data-id=\"03c16bf\" data-element_type=\"widget\" data-widget_type=\"spacer.default\">\n\t\t\t\t<div class=\"elementor-widget-container\">\n\t\t\t\t\t<div class=\"elementor-spacer\">\n\t\t\t<div class=\"elementor-spacer-inner\"><\/div>\n\t\t<\/div>\n\t\t\t\t<\/div>\n\t\t\t\t<\/div>\n\t\t\t\t\t<\/div>\n\t\t\t\t<\/div>\n\t\t<div class=\"elementor-element elementor-element-4c9e902 e-con-full qode_elementor_container_inner e-flex parallax_section_no e-con e-parent\" data-id=\"4c9e902\" data-element_type=\"container\">\n\t\t\t\t<div class=\"elementor-element elementor-element-3d920fe elementor-widget elementor-widget-text-editor\" data-id=\"3d920fe\" data-element_type=\"widget\" data-widget_type=\"text-editor.default\">\n\t\t\t\t<div class=\"elementor-widget-container\">\n\t\t\t\t\t\t\t<h5><span style=\"color: #ea6026;\">At Eliana Reyes &amp; Asociados<\/span> we design legal solutions for your corporate or cooperative necessities by the creation of companies and cooperatives in Colombia and Brazil.<\/h5>\t\t\t\t\t\t<\/div>\n\t\t\t\t<\/div>\n\t\t\t\t<\/div>\n\t\t<div class=\"elementor-element elementor-element-9160af9 e-flex e-con-boxed parallax_section_no qode_elementor_container_no e-con e-parent\" data-id=\"9160af9\" data-element_type=\"container\">\n\t\t\t\t\t<div class=\"e-con-inner\">\n\t\t\t\t<div class=\"elementor-element elementor-element-a675b25 elementor-widget elementor-widget-image\" data-id=\"a675b25\" data-element_type=\"widget\" data-widget_type=\"image.default\">\n\t\t\t\t<div class=\"elementor-widget-container\">\n\t\t\t<style>\/*! elementor - v3.23.0 - 25-07-2024 *\/\n.elementor-widget-image{text-align:center}.elementor-widget-image a{display:inline-block}.elementor-widget-image a img[src$=\".svg\"]{width:48px}.elementor-widget-image img{vertical-align:middle;display:inline-block}<\/style>\t\t\t\t\t\t\t\t\t\t<img fetchpriority=\"high\" decoding=\"async\" width=\"650\" height=\"117\" src=\"https:\/\/elianareyesasociados.com\/wp-content\/uploads\/2024\/06\/era.svg\" class=\"attachment-portfolio_masonry_wide size-portfolio_masonry_wide wp-image-12685\" alt=\"\" \/>\t\t\t\t\t\t\t\t\t\t\t\t\t<\/div>\n\t\t\t\t<\/div>\n\t\t\t\t\t<\/div>\n\t\t\t\t<\/div>\n\t\t\t\t<\/div>","protected":false},"excerpt":{"rendered":"<p>Servicios Derecho societario y cooperativo En Eliana Reyes &amp; Asociados dise\u00f1amos soluciones jur\u00eddicas para sus necesidades empresariales o cooperativas mediante la creaci\u00f3n de sociedades en Colombia, Espa\u00f1a y Brasil, la modificaci\u00f3n de estatutos, la regularizaci\u00f3n de actividades productivas, la elaboraci\u00f3n de manuales de funciones\/cargos, procesos&#8230;<\/p>","protected":false},"author":2,"featured_media":0,"parent":0,"menu_order":0,"comment_status":"closed","ping_status":"closed","template":"qi-blocks-full-width.php","meta":{"footnotes":""},"_links":{"self":[{"href":"https:\/\/elianareyesasociados.com\/en\/wp-json\/wp\/v2\/pages\/12371"}],"collection":[{"href":"https:\/\/elianareyesasociados.com\/en\/wp-json\/wp\/v2\/pages"}],"about":[{"href":"https:\/\/elianareyesasociados.com\/en\/wp-json\/wp\/v2\/types\/page"}],"author":[{"embeddable":true,"href":"https:\/\/elianareyesasociados.com\/en\/wp-json\/wp\/v2\/users\/2"}],"replies":[{"embeddable":true,"href":"https:\/\/elianareyesasociados.com\/en\/wp-json\/wp\/v2\/comments?post=12371"}],"version-history":[{"count":100,"href":"https:\/\/elianareyesasociados.com\/en\/wp-json\/wp\/v2\/pages\/12371\/revisions"}],"predecessor-version":[{"id":13003,"href":"https:\/\/elianareyesasociados.com\/en\/wp-json\/wp\/v2\/pages\/12371\/revisions\/13003"}],"wp:attachment":[{"href":"https:\/\/elianareyesasociados.com\/en\/wp-json\/wp\/v2\/media?parent=12371"}],"curies":[{"name":"wp","href":"https:\/\/api.w.org\/{rel}","templated":true}]}}